{"id":2,"date":"2023-09-30T11:01:19","date_gmt":"2023-09-30T11:01:19","guid":{"rendered":"https:\/\/asecue.com\/?page_id=2"},"modified":"2023-10-19T11:32:06","modified_gmt":"2023-10-19T11:32:06","slug":"accesibilidad","status":"publish","type":"page","link":"https:\/\/asecue.com\/index.php\/accesibilidad\/","title":{"rendered":"Declaraci\u00f3n de accesibilidad"},"content":{"rendered":"\n<div class=\"section-wrapper\" data-id=\"4uuZvY\"><section class=\"wp-block-gutenverse-section guten-element guten-section guten-4uuZvY layout-boxed align-stretch\"><div class=\"guten-background-overlay\"><\/div><div class=\"guten-shape-divider guten-shape-divider-top\"><\/div><div class=\"guten-shape-divider guten-shape-divider-bottom\"><\/div><div class=\"guten-container guten-column-gap-default\">\n<div class=\"wp-block-gutenverse-column guten-element guten-column guten-VRjzqE\"><div class=\"guten-background-overlay\"><\/div><div class=\"sticky-wrapper\" data-id=\"VRjzqE\"><div class=\"guten-column-wrapper\">\n<p>Declaraci\u00f3n de accesibilidad realizada por Kaam Inovaci\u00f3n y tecnolog\u00eda S.L.<\/p>\n\n\n\n<p> Fecha de la declaraci\u00f3n: 1 de octubre de 2023.<\/p>\n\n\n\n<p>Kaam Inovaci\u00f3n y tecnolog\u00eda S.L. se compromete a garantizar la accesibilidad digital para las personas con discapacidades. Mejoramos continuamente la experiencia del usuario para todos y aplicamos los est\u00e1ndares de accesibilidad relevantes.<\/p>\n\n\n\n<h2 class=\"wp-block-heading\"><strong>Medidas para promover la accesibilidad<\/strong><\/h2>\n\n\n\n<p>Kaam Inovaci\u00f3n y tecnolog\u00eda S.L. toma las siguientes medidas para garantizar la accesibilidad de Asecue.com:<\/p>\n\n\n\n<ol>\n<li>Incluye la accesibilidad en nuestras pol\u00edticas internas.<\/li>\n\n\n\n<li>Proporciona formaci\u00f3n continua sobre accesibilidad a nuestro personal.<\/li>\n\n\n\n<li>Asegura la accesibilidad mediante una metodolog\u00eda de dise\u00f1o inclusivo.<\/li>\n\n\n\n<li>Incorpora evaluaciones y pruebas de accesibilidad en el proceso de desarrollo del software.<\/li>\n<\/ol>\n\n\n\n<h2 class=\"wp-block-heading\"><strong>Conformidad con los est\u00e1ndares de accesibilidad<\/strong><\/h2>\n\n\n\n<p>Agrariasmanchegas.eu est\u00e1 parcialmente conforme con la Directiva (UE) 2016\/2102 del Parlamento Europeo y del Consejo de 26 de octubre de 2016 sobre la accesibilidad de los sitios web y aplicaciones para dispositivos m\u00f3viles de los organismos del sector p\u00fablico, debido a:<\/p>\n\n\n\n<p><\/p>\n\n\n\n<ul>\n<li><strong><a href=\"https:\/\/www.hacienda.gob.es\/es-ES\/Paginas\/Accesibilidad-no-conforme.aspx\">Falta de conformidad con el Real Decreto 1112\/2018, de 7 de septiembre<\/a><\/strong>: podr\u00edan existir fallos puntuales de edici\u00f3n en alguna p\u00e1gina web, tanto en contenidos HTML como en documentos finales, publicados en fecha posterior al 20 de septiembre de 2018 (fecha de entrada en vigor del Real Decreto 1112\/2018, de 7 de septiembre). Concretamente puede haber errores en aquellos documentos que contienen gr\u00e1ficos, tablas complejas o en aquellos firmados electr\u00f3nicamente antes de su revisi\u00f3n de accesibilidad.<\/li>\n\n\n\n<li><strong>Carga desproporcionada<\/strong>: no aplica.<\/li>\n\n\n\n<li>El <a href=\"\/\">contenido<\/a>\u00a0<strong>no entra dentro del \u00e1mbito de la legislaci\u00f3n<\/strong>\u00a0aplicable: Existen archivos ofim\u00e1ticos en PDF u otros formatos publicados antes del 20 de septiembre de 2018 que no cumplen en su totalidad todos los requisitos de accesibilidad; tambi\u00e9n pueden estar en esa situaci\u00f3n contenidos de terceros no financiados, ni desarrollados, ni bajo el control de Kaam Inovacion y tecnolog\u00eda S.L.<\/li>\n\n\n\n<li><strong>Contenido no accesible<\/strong>: El contenido que no cumple con el est\u00e1ndar de accesibilidad incluye:<\/li>\n<\/ul>\n\n\n\n<h3 class=\"wp-block-heading\"><strong>Mejoras y planes de tiempo<\/strong><\/h3>\n\n\n\n<p>Estamos trabajando actualmente en la mejora de Asecue.com. y en su Declaraci\u00f3n de Accesibilidad. Nuestro objetivo es resolver las inaccesibilidades detectadas.<\/p>\n\n\n\n<div class=\"guten-element guten-spacer guten-MV21zk\"><\/div>\n\n\n\n<h2 class=\"wp-block-heading\"><strong>Retroalimentaci\u00f3n<\/strong><\/h2>\n\n\n\n<p>Valoramos su opini\u00f3n y nos gustar\u00eda conocer sus comentarios sobre la accesibilidad de Asecue.com. Por favor, av\u00edsenos si encuentra problemas de accesibilidad:<\/p>\n\n\n\n<ul>\n<li>Tel\u00e9fono: 96 781 9077<\/li>\n\n\n\n<li>E-mail: info@kaam.es<\/li>\n\n\n\n<li>Direcci\u00f3n postal: Marqu\u00e9s de Molins 13, 1\u00ba Planta Albacete, CLM 02001<\/li>\n<\/ul>\n\n\n\n<p>Esforzaremos por responder a la retroalimentaci\u00f3n dentro de 5 d\u00edas h\u00e1biles.<\/p>\n\n\n\n<h2 class=\"wp-block-heading\"><strong>Procedimientos de aplicaci\u00f3n<\/strong><\/h2>\n\n\n\n<p>Si no est\u00e1 satisfecho con nuestra respuesta, o si considera que nuestro sitio web o aplicaci\u00f3n no cumplen con la Directiva (UE) 2016\/2102, puede contactar con el Defensor del Pueblo en c\/ Zurbano, 42 (28010 Madrid), o enviar un correo electr\u00f3nico a&nbsp;<a href=\"mailto:registro@defensordelpueblo.es\" target=\"_blank\" rel=\"noreferrer noopener\">registro@defensordelpueblo.es<\/a>, o llamar al 900 101 025.<\/p>\n\n\n\n<h2 class=\"wp-block-heading\"><strong>Fecha de la \u00faltima revisi\u00f3n de la declaraci\u00f3n<\/strong><\/h2>\n\n\n\n<div class=\"guten-element guten-spacer guten-WTyYDf\"><\/div>\n\n\n\n<p>Esta declaraci\u00f3n fue revisada por \u00faltima vez el 1 de octubre de 2023.<\/p>\n<\/div><\/div><\/div>\n<\/div><\/section><\/div>\n","protected":false},"excerpt":{"rendered":"","protected":false},"author":1,"featured_media":0,"parent":0,"menu_order":0,"comment_status":"closed","ping_status":"closed","template":"","meta":{"footnotes":""},"yoast_head":"<!-- This site is optimized with the Yoast SEO plugin v21.7 - https:\/\/yoast.com\/wordpress\/plugins\/seo\/ -->\n<title>Declaraci\u00f3n de accesibilidad - Asecue<\/title>\n<meta name=\"description\" content=\"En nuestra declaraci\u00f3n de accesibilidad, te informamos sobre c\u00f3mo trabajamos para asegurar que nuestro sitio web sea inclusivo y accesible.\" \/>\n<meta name=\"robots\" content=\"index, follow, max-snippet:-1, max-image-preview:large, max-video-preview:-1\" \/>\n<link rel=\"canonical\" href=\"https:\/\/asecue.com\/index.php\/accesibilidad\/\" \/>\n<meta property=\"og:locale\" content=\"es_ES\" \/>\n<meta property=\"og:type\" content=\"article\" \/>\n<meta property=\"og:title\" content=\"Declaraci\u00f3n de accesibilidad - Asecue\" \/>\n<meta property=\"og:description\" content=\"En nuestra declaraci\u00f3n de accesibilidad, te informamos sobre c\u00f3mo trabajamos para asegurar que nuestro sitio web sea inclusivo y accesible.\" \/>\n<meta property=\"og:url\" content=\"https:\/\/asecue.com\/index.php\/accesibilidad\/\" \/>\n<meta property=\"og:site_name\" content=\"Asecue\" \/>\n<meta property=\"article:publisher\" content=\"https:\/\/www.facebook.com\/profile.php?id=100069397809367&amp;locale=es_ES\" \/>\n<meta property=\"article:modified_time\" content=\"2023-10-19T11:32:06+00:00\" \/>\n<meta property=\"og:image\" content=\"https:\/\/asecue.com\/wp-content\/uploads\/2023\/09\/logo.png\" \/>\n\t<meta property=\"og:image:width\" content=\"850\" \/>\n\t<meta property=\"og:image:height\" content=\"198\" \/>\n\t<meta property=\"og:image:type\" content=\"image\/png\" \/>\n<meta name=\"twitter:card\" content=\"summary_large_image\" \/>\n<meta name=\"twitter:label1\" content=\"Tiempo de lectura\" \/>\n\t<meta name=\"twitter:data1\" content=\"3 minutos\" \/>\n<script type=\"application\/ld+json\" class=\"yoast-schema-graph\">{\"@context\":\"https:\/\/schema.org\",\"@graph\":[{\"@type\":\"WebPage\",\"@id\":\"https:\/\/asecue.com\/index.php\/accesibilidad\/\",\"url\":\"https:\/\/asecue.com\/index.php\/accesibilidad\/\",\"name\":\"Declaraci\u00f3n de accesibilidad - Asecue\",\"isPartOf\":{\"@id\":\"https:\/\/asecue.com\/#website\"},\"datePublished\":\"2023-09-30T11:01:19+00:00\",\"dateModified\":\"2023-10-19T11:32:06+00:00\",\"description\":\"En nuestra declaraci\u00f3n de accesibilidad, te informamos sobre c\u00f3mo trabajamos para asegurar que nuestro sitio web sea inclusivo y accesible.\",\"breadcrumb\":{\"@id\":\"https:\/\/asecue.com\/index.php\/accesibilidad\/#breadcrumb\"},\"inLanguage\":\"es\",\"potentialAction\":[{\"@type\":\"ReadAction\",\"target\":[\"https:\/\/asecue.com\/index.php\/accesibilidad\/\"]}]},{\"@type\":\"BreadcrumbList\",\"@id\":\"https:\/\/asecue.com\/index.php\/accesibilidad\/#breadcrumb\",\"itemListElement\":[{\"@type\":\"ListItem\",\"position\":1,\"name\":\"Portada\",\"item\":\"https:\/\/asecue.com\/\"},{\"@type\":\"ListItem\",\"position\":2,\"name\":\"Declaraci\u00f3n de accesibilidad\"}]},{\"@type\":\"WebSite\",\"@id\":\"https:\/\/asecue.com\/#website\",\"url\":\"https:\/\/asecue.com\/\",\"name\":\"Asecue\",\"description\":\"Tu aliado en asesor\u00eda integral\",\"publisher\":{\"@id\":\"https:\/\/asecue.com\/#organization\"},\"alternateName\":\"ASESORIA DE EMPRESAS CUESTA\",\"potentialAction\":[{\"@type\":\"SearchAction\",\"target\":{\"@type\":\"EntryPoint\",\"urlTemplate\":\"https:\/\/asecue.com\/?s={search_term_string}\"},\"query-input\":\"required name=search_term_string\"}],\"inLanguage\":\"es\"},{\"@type\":\"Organization\",\"@id\":\"https:\/\/asecue.com\/#organization\",\"name\":\"Asecue\",\"url\":\"https:\/\/asecue.com\/\",\"logo\":{\"@type\":\"ImageObject\",\"inLanguage\":\"es\",\"@id\":\"https:\/\/asecue.com\/#\/schema\/logo\/image\/\",\"url\":\"https:\/\/asecue.com\/wp-content\/uploads\/2023\/09\/logo.png\",\"contentUrl\":\"https:\/\/asecue.com\/wp-content\/uploads\/2023\/09\/logo.png\",\"width\":850,\"height\":198,\"caption\":\"Asecue\"},\"image\":{\"@id\":\"https:\/\/asecue.com\/#\/schema\/logo\/image\/\"},\"sameAs\":[\"https:\/\/www.facebook.com\/profile.php?id=100069397809367&locale=es_ES\"]}]}<\/script>\n<!-- \/ Yoast SEO plugin. -->","yoast_head_json":{"title":"Declaraci\u00f3n de accesibilidad - Asecue","description":"En nuestra declaraci\u00f3n de accesibilidad, te informamos sobre c\u00f3mo trabajamos para asegurar que nuestro sitio web sea inclusivo y accesible.","robots":{"index":"index","follow":"follow","max-snippet":"max-snippet:-1","max-image-preview":"max-image-preview:large","max-video-preview":"max-video-preview:-1"},"canonical":"https:\/\/asecue.com\/index.php\/accesibilidad\/","og_locale":"es_ES","og_type":"article","og_title":"Declaraci\u00f3n de accesibilidad - Asecue","og_description":"En nuestra declaraci\u00f3n de accesibilidad, te informamos sobre c\u00f3mo trabajamos para asegurar que nuestro sitio web sea inclusivo y accesible.","og_url":"https:\/\/asecue.com\/index.php\/accesibilidad\/","og_site_name":"Asecue","article_publisher":"https:\/\/www.facebook.com\/profile.php?id=100069397809367&locale=es_ES","article_modified_time":"2023-10-19T11:32:06+00:00","og_image":[{"width":850,"height":198,"url":"https:\/\/asecue.com\/wp-content\/uploads\/2023\/09\/logo.png","type":"image\/png"}],"twitter_card":"summary_large_image","twitter_misc":{"Tiempo de lectura":"3 minutos"},"schema":{"@context":"https:\/\/schema.org","@graph":[{"@type":"WebPage","@id":"https:\/\/asecue.com\/index.php\/accesibilidad\/","url":"https:\/\/asecue.com\/index.php\/accesibilidad\/","name":"Declaraci\u00f3n de accesibilidad - Asecue","isPartOf":{"@id":"https:\/\/asecue.com\/#website"},"datePublished":"2023-09-30T11:01:19+00:00","dateModified":"2023-10-19T11:32:06+00:00","description":"En nuestra declaraci\u00f3n de accesibilidad, te informamos sobre c\u00f3mo trabajamos para asegurar que nuestro sitio web sea inclusivo y accesible.","breadcrumb":{"@id":"https:\/\/asecue.com\/index.php\/accesibilidad\/#breadcrumb"},"inLanguage":"es","potentialAction":[{"@type":"ReadAction","target":["https:\/\/asecue.com\/index.php\/accesibilidad\/"]}]},{"@type":"BreadcrumbList","@id":"https:\/\/asecue.com\/index.php\/accesibilidad\/#breadcrumb","itemListElement":[{"@type":"ListItem","position":1,"name":"Portada","item":"https:\/\/asecue.com\/"},{"@type":"ListItem","position":2,"name":"Declaraci\u00f3n de accesibilidad"}]},{"@type":"WebSite","@id":"https:\/\/asecue.com\/#website","url":"https:\/\/asecue.com\/","name":"Asecue","description":"Tu aliado en asesor\u00eda integral","publisher":{"@id":"https:\/\/asecue.com\/#organization"},"alternateName":"ASESORIA DE EMPRESAS CUESTA","potentialAction":[{"@type":"SearchAction","target":{"@type":"EntryPoint","urlTemplate":"https:\/\/asecue.com\/?s={search_term_string}"},"query-input":"required name=search_term_string"}],"inLanguage":"es"},{"@type":"Organization","@id":"https:\/\/asecue.com\/#organization","name":"Asecue","url":"https:\/\/asecue.com\/","logo":{"@type":"ImageObject","inLanguage":"es","@id":"https:\/\/asecue.com\/#\/schema\/logo\/image\/","url":"https:\/\/asecue.com\/wp-content\/uploads\/2023\/09\/logo.png","contentUrl":"https:\/\/asecue.com\/wp-content\/uploads\/2023\/09\/logo.png","width":850,"height":198,"caption":"Asecue"},"image":{"@id":"https:\/\/asecue.com\/#\/schema\/logo\/image\/"},"sameAs":["https:\/\/www.facebook.com\/profile.php?id=100069397809367&locale=es_ES"]}]}},"_links":{"self":[{"href":"https:\/\/asecue.com\/index.php\/wp-json\/wp\/v2\/pages\/2"}],"collection":[{"href":"https:\/\/asecue.com\/index.php\/wp-json\/wp\/v2\/pages"}],"about":[{"href":"https:\/\/asecue.com\/index.php\/wp-json\/wp\/v2\/types\/page"}],"author":[{"embeddable":true,"href":"https:\/\/asecue.com\/index.php\/wp-json\/wp\/v2\/users\/1"}],"replies":[{"embeddable":true,"href":"https:\/\/asecue.com\/index.php\/wp-json\/wp\/v2\/comments?post=2"}],"version-history":[{"count":10,"href":"https:\/\/asecue.com\/index.php\/wp-json\/wp\/v2\/pages\/2\/revisions"}],"predecessor-version":[{"id":94,"href":"https:\/\/asecue.com\/index.php\/wp-json\/wp\/v2\/pages\/2\/revisions\/94"}],"wp:attachment":[{"href":"https:\/\/asecue.com\/index.php\/wp-json\/wp\/v2\/media?parent=2"}],"curies":[{"name":"wp","href":"https:\/\/api.w.org\/{rel}","templated":true}]}}